{"id":257,"date":"2024-01-10T09:32:50","date_gmt":"2024-01-10T08:32:50","guid":{"rendered":"https:\/\/www.determined-bell.94-130-216-58.plesk.page\/?page_id=257"},"modified":"2026-02-17T14:41:06","modified_gmt":"2026-02-17T13:41:06","slug":"impressum","status":"publish","type":"page","link":"https:\/\/www.schweissundschwafel.de\/index.php\/impressum\/","title":{"rendered":"Impressum"},"content":{"rendered":"\n<div class=\"wp-block-group\"><div class=\"wp-block-group__inner-container is-layout-constrained wp-block-group-is-layout-constrained\">\n<div style=\"height:4em\" aria-hidden=\"true\" class=\"wp-block-spacer\"><\/div>\n\n\n\n<h1 class=\"wp-block-heading h1-impressum\">Impressum<\/h1>\n\n\n\n<h2 class=\"wp-block-heading h2-impressum\">Angaben gem\u00e4\u00df \u00a7 5 TMG:<\/h2>\n\n\n\n<p>Philipp Ells\u00e4\u00dfer<\/p>\n\n\n\n<h2 class=\"wp-block-heading h2-impressum\">Kontakt<\/h2>\n\n\n\n<p>Hohe Oststra\u00dfe 54<br>D-46325 Borken<br>T +49 (0) 2861 \u2013 929491 \u2013 0<br>F +49 (0) 2861 \u2013 929491 \u2013 9<\/p>\n\n\n\n<p>E-Mail:&nbsp;<a href=\"mailto:anfrage@schweissundschwafel.de\">anfrage@schweissundschwafel.de<\/a><\/p>\n\n\n\n<p>Verantwortlich f\u00fcr den Inhalt nach \u00a7 55 Abs. 2 RStV:<\/p>\n\n\n\n<p>Philipp Ells\u00e4\u00dfer<\/p>\n\n\n\n<h3 class=\"wp-block-heading\">Konzept, Design und Umsetzung<\/h3>\n\n\n\n<p><strong>cre8ors\u00ae GmbH<\/strong><\/p>\n\n\n\n<p>Lublinring 12<br>48147 M\u00fcnster<\/p>\n\n\n\n<p>F. 0251 \u2013 287 299 59<br>M.&nbsp;<a href=\"mailto:moin@cre8ors.ms\" target=\"_blank\" rel=\"noreferrer noopener\">moin@cre8ors.ms<\/a><br>W.&nbsp;<a href=\"https:\/\/creators.ms\/\" target=\"_blank\" rel=\"noreferrer noopener\">cre8ors.ms<\/a><\/p>\n<\/div><\/div>\n","protected":false},"excerpt":{"rendered":"<p>Impressum Angaben gem\u00e4\u00df \u00a7 5 TMG: Philipp Ells\u00e4\u00dfer Kontakt Hohe Oststra\u00dfe 54D-46325 BorkenT +49 (0) 2861 \u2013 929491 \u2013 0F +49 (0) 2861 \u2013 929491 \u2013 9 E-Mail:&nbsp;anfrage@schweissundschwafel.de Verantwortlich f\u00fcr den Inhalt nach \u00a7 55 Abs. 2 RStV: Philipp Ells\u00e4\u00dfer Konzept, Design und Umsetzung cre8ors\u00ae GmbH Lublinring 1248147 M\u00fcnster F. 0251 \u2013 287 299 59M.&nbsp;moin@cre8ors.msW.&nbsp;cre8ors.ms<\/p>\n","protected":false},"author":1,"featured_media":0,"parent":0,"menu_order":1,"comment_status":"closed","ping_status":"closed","template":"","meta":{"inline_featured_image":false,"footnotes":""},"class_list":["post-257","page","type-page","status-publish"],"_links":{"self":[{"href":"https:\/\/www.schweissundschwafel.de\/index.php\/wp-json\/wp\/v2\/pages\/257","targetHints":{"allow":["GET"]}}],"collection":[{"href":"https:\/\/www.schweissundschwafel.de\/index.php\/wp-json\/wp\/v2\/pages"}],"about":[{"href":"https:\/\/www.schweissundschwafel.de\/index.php\/wp-json\/wp\/v2\/types\/page"}],"author":[{"embeddable":true,"href":"https:\/\/www.schweissundschwafel.de\/index.php\/wp-json\/wp\/v2\/users\/1"}],"replies":[{"embeddable":true,"href":"https:\/\/www.schweissundschwafel.de\/index.php\/wp-json\/wp\/v2\/comments?post=257"}],"version-history":[{"count":17,"href":"https:\/\/www.schweissundschwafel.de\/index.php\/wp-json\/wp\/v2\/pages\/257\/revisions"}],"predecessor-version":[{"id":830,"href":"https:\/\/www.schweissundschwafel.de\/index.php\/wp-json\/wp\/v2\/pages\/257\/revisions\/830"}],"wp:attachment":[{"href":"https:\/\/www.schweissundschwafel.de\/index.php\/wp-json\/wp\/v2\/media?parent=257"}],"curies":[{"name":"wp","href":"https:\/\/api.w.org\/{rel}","templated":true}]}}